{"id":6,"date":"2021-07-23T14:58:37","date_gmt":"2021-07-23T12:58:37","guid":{"rendered":"https:\/\/stage.incodigital.de\/emsfuerzuhause\/?page_id=6"},"modified":"2021-09-08T14:03:53","modified_gmt":"2021-09-08T12:03:53","slug":"startseite","status":"publish","type":"page","link":"https:\/\/stage.incodigital.de\/emsfuerzuhause\/startseite\/","title":{"rendered":"Startseite"},"content":{"rendered":"\t\t<div data-elementor-type=\"wp-page\" data-elementor-id=\"6\" class=\"elementor elementor-6\" data-elementor-settings=\"{&quot;ha_cmc_init_switcher&quot;:&quot;no&quot;}\" data-elementor-post-type=\"page\">\n\t\t\t\t\t\t<section class=\"elementor-section elementor-top-section elementor-element elementor-element-5173c58 elementor-section-boxed elementor-section-height-default elementor-section-height-default\" data-id=\"5173c58\" data-element_type=\"section\" data-settings=\"{&quot;_ha_eqh_enable&quot;:false}\">\n\t\t\t\t\t\t<div class=\"elementor-container elementor-column-gap-default\">\n\t\t\t\t\t<div class=\"elementor-column elementor-col-100 elementor-top-column elementor-element elementor-element-26044cc\" data-id=\"26044cc\" data-element_type=\"column\">\n\t\t\t<div class=\"elementor-widget-wrap elementor-element-populated\">\n\t\t\t\t\t\t<div class=\"elementor-element elementor-element-a710145 elementor-grid-3 elementor-grid-tablet-2 elementor-grid-mobile-1 elementor-posts--thumbnail-top elementor-posts--show-avatar elementor-card-shadow-yes elementor-posts__hover-gradient elementor-widget elementor-widget-posts\" data-id=\"a710145\" data-element_type=\"widget\" data-settings=\"{&quot;cards_columns&quot;:&quot;3&quot;,&quot;cards_columns_tablet&quot;:&quot;2&quot;,&quot;cards_columns_mobile&quot;:&quot;1&quot;,&quot;cards_row_gap&quot;:{&quot;unit&quot;:&quot;px&quot;,&quot;size&quot;:35,&quot;sizes&quot;:[]},&quot;cards_row_gap_tablet&quot;:{&quot;unit&quot;:&quot;px&quot;,&quot;size&quot;:&quot;&quot;,&quot;sizes&quot;:[]},&quot;cards_row_gap_mobile&quot;:{&quot;unit&quot;:&quot;px&quot;,&quot;size&quot;:&quot;&quot;,&quot;sizes&quot;:[]}}\" data-widget_type=\"posts.cards\">\n\t\t\t\t<div class=\"elementor-widget-container\">\n\t\t\t\t\t\t\t<div class=\"elementor-posts-container elementor-posts elementor-posts--skin-cards elementor-grid\" role=\"list\">\n\t\t\t\t<article class=\"elementor-post elementor-grid-item post-47 post type-post status-publish format-standard has-post-thumbnail hentry category-allgemein\" role=\"listitem\">\n\t\t\t<div class=\"elementor-post__card\">\n\t\t\t\t<a class=\"elementor-post__thumbnail__link\" href=\"https:\/\/stage.incodigital.de\/emsfuerzuhause\/2021\/09\/10\/perfekte-workouts\/\" tabindex=\"-1\" ><div class=\"elementor-post__thumbnail\"><img fetchpriority=\"high\" decoding=\"async\" width=\"300\" height=\"200\" src=\"https:\/\/stage.incodigital.de\/emsfuerzuhause\/wp-content\/uploads\/sites\/10\/2021\/09\/plank-2054729_1920-300x200.jpg\" class=\"attachment-medium size-medium wp-image-48\" alt=\"\" srcset=\"https:\/\/stage.incodigital.de\/emsfuerzuhause\/wp-content\/uploads\/sites\/10\/2021\/09\/plank-2054729_1920-300x200.jpg 300w, https:\/\/stage.incodigital.de\/emsfuerzuhause\/wp-content\/uploads\/sites\/10\/2021\/09\/plank-2054729_1920-1024x682.jpg 1024w, https:\/\/stage.incodigital.de\/emsfuerzuhause\/wp-content\/uploads\/sites\/10\/2021\/09\/plank-2054729_1920-768x512.jpg 768w, https:\/\/stage.incodigital.de\/emsfuerzuhause\/wp-content\/uploads\/sites\/10\/2021\/09\/plank-2054729_1920-1536x1023.jpg 1536w, https:\/\/stage.incodigital.de\/emsfuerzuhause\/wp-content\/uploads\/sites\/10\/2021\/09\/plank-2054729_1920.jpg 1920w\" sizes=\"(max-width: 300px) 100vw, 300px\" \/><\/div><\/a>\n\t\t\t\t<div class=\"elementor-post__badge\">Allgemein<\/div>\n\t\t\t\t<div class=\"elementor-post__avatar\">\n\t\t\t<img alt='tboley' src='https:\/\/secure.gravatar.com\/avatar\/e9c2471e1f88e4f2dd6549f1c1854338631100d4269b1d2fbc9c832914e47fd8?s=128&#038;d=mm&#038;r=g' srcset='https:\/\/secure.gravatar.com\/avatar\/e9c2471e1f88e4f2dd6549f1c1854338631100d4269b1d2fbc9c832914e47fd8?s=256&#038;d=mm&#038;r=g 2x' class='avatar avatar-128 photo' height='128' width='128' \/>\t\t<\/div>\n\t\t\t\t<div class=\"elementor-post__text\">\n\t\t\t\t<h3 class=\"elementor-post__title\">\n\t\t\t<a href=\"https:\/\/stage.incodigital.de\/emsfuerzuhause\/2021\/09\/10\/perfekte-workouts\/\" >\n\t\t\t\tPerfekte Workouts\t\t\t<\/a>\n\t\t<\/h3>\n\t\t\t\t<div class=\"elementor-post__excerpt\">\n\t\t\t<p>Lorem ipsum dolor sit amet, consetetur sadipscing elitr, sed diam nonumy eirmod tempor invidunt ut labore et dolore magna aliquyam erat, sed diam voluptua. At<\/p>\n\t\t<\/div>\n\t\t\n\t\t<a class=\"elementor-post__read-more\" href=\"https:\/\/stage.incodigital.de\/emsfuerzuhause\/2021\/09\/10\/perfekte-workouts\/\" aria-label=\"Read more about Perfekte Workouts\" tabindex=\"-1\" >\n\t\t\tWeiterlesen \u00bb\t\t<\/a>\n\n\t\t\t\t<\/div>\n\t\t\t\t<div class=\"elementor-post__meta-data\">\n\t\t\t\t\t<span class=\"elementor-post-date\">\n\t\t\t10. September 2021\t\t<\/span>\n\t\t\t\t<span class=\"elementor-post-avatar\">\n\t\t\tKeine Kommentare\t\t<\/span>\n\t\t\t\t<\/div>\n\t\t\t\t\t<\/div>\n\t\t<\/article>\n\t\t\t\t<article class=\"elementor-post elementor-grid-item post-44 post type-post status-publish format-standard has-post-thumbnail hentry category-allgemein\" role=\"listitem\">\n\t\t\t<div class=\"elementor-post__card\">\n\t\t\t\t<a class=\"elementor-post__thumbnail__link\" href=\"https:\/\/stage.incodigital.de\/emsfuerzuhause\/2021\/09\/10\/mehr-geschwindigkeit-mit-ems\/\" tabindex=\"-1\" ><div class=\"elementor-post__thumbnail\"><img decoding=\"async\" width=\"300\" height=\"200\" src=\"https:\/\/stage.incodigital.de\/emsfuerzuhause\/wp-content\/uploads\/sites\/10\/2021\/09\/jogging-2343558_1920-300x200.jpg\" class=\"attachment-medium size-medium wp-image-45\" alt=\"\" srcset=\"https:\/\/stage.incodigital.de\/emsfuerzuhause\/wp-content\/uploads\/sites\/10\/2021\/09\/jogging-2343558_1920-300x200.jpg 300w, https:\/\/stage.incodigital.de\/emsfuerzuhause\/wp-content\/uploads\/sites\/10\/2021\/09\/jogging-2343558_1920-1024x683.jpg 1024w, https:\/\/stage.incodigital.de\/emsfuerzuhause\/wp-content\/uploads\/sites\/10\/2021\/09\/jogging-2343558_1920-768x512.jpg 768w, https:\/\/stage.incodigital.de\/emsfuerzuhause\/wp-content\/uploads\/sites\/10\/2021\/09\/jogging-2343558_1920-1536x1024.jpg 1536w, https:\/\/stage.incodigital.de\/emsfuerzuhause\/wp-content\/uploads\/sites\/10\/2021\/09\/jogging-2343558_1920.jpg 1920w\" sizes=\"(max-width: 300px) 100vw, 300px\" \/><\/div><\/a>\n\t\t\t\t<div class=\"elementor-post__badge\">Allgemein<\/div>\n\t\t\t\t<div class=\"elementor-post__avatar\">\n\t\t\t<img alt='tboley' src='https:\/\/secure.gravatar.com\/avatar\/e9c2471e1f88e4f2dd6549f1c1854338631100d4269b1d2fbc9c832914e47fd8?s=128&#038;d=mm&#038;r=g' srcset='https:\/\/secure.gravatar.com\/avatar\/e9c2471e1f88e4f2dd6549f1c1854338631100d4269b1d2fbc9c832914e47fd8?s=256&#038;d=mm&#038;r=g 2x' class='avatar avatar-128 photo' height='128' width='128' \/>\t\t<\/div>\n\t\t\t\t<div class=\"elementor-post__text\">\n\t\t\t\t<h3 class=\"elementor-post__title\">\n\t\t\t<a href=\"https:\/\/stage.incodigital.de\/emsfuerzuhause\/2021\/09\/10\/mehr-geschwindigkeit-mit-ems\/\" >\n\t\t\t\tMehr Geschwindigkeit mit EMS\t\t\t<\/a>\n\t\t<\/h3>\n\t\t\t\t<div class=\"elementor-post__excerpt\">\n\t\t\t<p>Lorem ipsum dolor sit amet, consetetur sadipscing elitr, sed diam nonumy eirmod tempor invidunt ut labore et dolore magna aliquyam erat, sed diam voluptua. At<\/p>\n\t\t<\/div>\n\t\t\n\t\t<a class=\"elementor-post__read-more\" href=\"https:\/\/stage.incodigital.de\/emsfuerzuhause\/2021\/09\/10\/mehr-geschwindigkeit-mit-ems\/\" aria-label=\"Read more about Mehr Geschwindigkeit mit EMS\" tabindex=\"-1\" >\n\t\t\tWeiterlesen \u00bb\t\t<\/a>\n\n\t\t\t\t<\/div>\n\t\t\t\t<div class=\"elementor-post__meta-data\">\n\t\t\t\t\t<span class=\"elementor-post-date\">\n\t\t\t10. September 2021\t\t<\/span>\n\t\t\t\t<span class=\"elementor-post-avatar\">\n\t\t\tKeine Kommentare\t\t<\/span>\n\t\t\t\t<\/div>\n\t\t\t\t\t<\/div>\n\t\t<\/article>\n\t\t\t\t<article class=\"elementor-post elementor-grid-item post-41 post type-post status-publish format-standard has-post-thumbnail hentry category-allgemein\" role=\"listitem\">\n\t\t\t<div class=\"elementor-post__card\">\n\t\t\t\t<a class=\"elementor-post__thumbnail__link\" href=\"https:\/\/stage.incodigital.de\/emsfuerzuhause\/2021\/09\/10\/powerfood-fuer-mehr-fitness\/\" tabindex=\"-1\" ><div class=\"elementor-post__thumbnail\"><img decoding=\"async\" width=\"300\" height=\"191\" src=\"https:\/\/stage.incodigital.de\/emsfuerzuhause\/wp-content\/uploads\/sites\/10\/2021\/09\/meal-2834549_1920-300x191.jpg\" class=\"attachment-medium size-medium wp-image-42\" alt=\"\" srcset=\"https:\/\/stage.incodigital.de\/emsfuerzuhause\/wp-content\/uploads\/sites\/10\/2021\/09\/meal-2834549_1920-300x191.jpg 300w, https:\/\/stage.incodigital.de\/emsfuerzuhause\/wp-content\/uploads\/sites\/10\/2021\/09\/meal-2834549_1920-1024x651.jpg 1024w, https:\/\/stage.incodigital.de\/emsfuerzuhause\/wp-content\/uploads\/sites\/10\/2021\/09\/meal-2834549_1920-768x488.jpg 768w, https:\/\/stage.incodigital.de\/emsfuerzuhause\/wp-content\/uploads\/sites\/10\/2021\/09\/meal-2834549_1920-1536x977.jpg 1536w, https:\/\/stage.incodigital.de\/emsfuerzuhause\/wp-content\/uploads\/sites\/10\/2021\/09\/meal-2834549_1920.jpg 1920w\" sizes=\"(max-width: 300px) 100vw, 300px\" \/><\/div><\/a>\n\t\t\t\t<div class=\"elementor-post__badge\">Allgemein<\/div>\n\t\t\t\t<div class=\"elementor-post__avatar\">\n\t\t\t<img alt='tboley' src='https:\/\/secure.gravatar.com\/avatar\/e9c2471e1f88e4f2dd6549f1c1854338631100d4269b1d2fbc9c832914e47fd8?s=128&#038;d=mm&#038;r=g' srcset='https:\/\/secure.gravatar.com\/avatar\/e9c2471e1f88e4f2dd6549f1c1854338631100d4269b1d2fbc9c832914e47fd8?s=256&#038;d=mm&#038;r=g 2x' class='avatar avatar-128 photo' height='128' width='128' \/>\t\t<\/div>\n\t\t\t\t<div class=\"elementor-post__text\">\n\t\t\t\t<h3 class=\"elementor-post__title\">\n\t\t\t<a href=\"https:\/\/stage.incodigital.de\/emsfuerzuhause\/2021\/09\/10\/powerfood-fuer-mehr-fitness\/\" >\n\t\t\t\tPowerfood f\u00fcr mehr Fitness\t\t\t<\/a>\n\t\t<\/h3>\n\t\t\t\t<div class=\"elementor-post__excerpt\">\n\t\t\t<p>Lorem ipsum dolor sit amet, consetetur sadipscing elitr, sed diam nonumy eirmod tempor invidunt ut labore et dolore magna aliquyam erat, sed diam voluptua. At<\/p>\n\t\t<\/div>\n\t\t\n\t\t<a class=\"elementor-post__read-more\" href=\"https:\/\/stage.incodigital.de\/emsfuerzuhause\/2021\/09\/10\/powerfood-fuer-mehr-fitness\/\" aria-label=\"Read more about Powerfood f\u00fcr mehr Fitness\" tabindex=\"-1\" >\n\t\t\tWeiterlesen \u00bb\t\t<\/a>\n\n\t\t\t\t<\/div>\n\t\t\t\t<div class=\"elementor-post__meta-data\">\n\t\t\t\t\t<span class=\"elementor-post-date\">\n\t\t\t10. September 2021\t\t<\/span>\n\t\t\t\t<span class=\"elementor-post-avatar\">\n\t\t\tKeine Kommentare\t\t<\/span>\n\t\t\t\t<\/div>\n\t\t\t\t\t<\/div>\n\t\t<\/article>\n\t\t\t\t<article class=\"elementor-post elementor-grid-item post-36 post type-post status-publish format-standard has-post-thumbnail hentry category-allgemein\" role=\"listitem\">\n\t\t\t<div class=\"elementor-post__card\">\n\t\t\t\t<a class=\"elementor-post__thumbnail__link\" href=\"https:\/\/stage.incodigital.de\/emsfuerzuhause\/2021\/09\/10\/muskelaufbau-mit-gewichten\/\" tabindex=\"-1\" ><div class=\"elementor-post__thumbnail\"><img loading=\"lazy\" decoding=\"async\" width=\"300\" height=\"225\" src=\"https:\/\/stage.incodigital.de\/emsfuerzuhause\/wp-content\/uploads\/sites\/10\/2021\/09\/weights-4174078_1920-300x225.jpg\" class=\"attachment-medium size-medium wp-image-37\" alt=\"\" srcset=\"https:\/\/stage.incodigital.de\/emsfuerzuhause\/wp-content\/uploads\/sites\/10\/2021\/09\/weights-4174078_1920-300x225.jpg 300w, https:\/\/stage.incodigital.de\/emsfuerzuhause\/wp-content\/uploads\/sites\/10\/2021\/09\/weights-4174078_1920-1024x767.jpg 1024w, https:\/\/stage.incodigital.de\/emsfuerzuhause\/wp-content\/uploads\/sites\/10\/2021\/09\/weights-4174078_1920-768x576.jpg 768w, https:\/\/stage.incodigital.de\/emsfuerzuhause\/wp-content\/uploads\/sites\/10\/2021\/09\/weights-4174078_1920-1536x1151.jpg 1536w, https:\/\/stage.incodigital.de\/emsfuerzuhause\/wp-content\/uploads\/sites\/10\/2021\/09\/weights-4174078_1920.jpg 1920w\" sizes=\"(max-width: 300px) 100vw, 300px\" \/><\/div><\/a>\n\t\t\t\t<div class=\"elementor-post__badge\">Allgemein<\/div>\n\t\t\t\t<div class=\"elementor-post__avatar\">\n\t\t\t<img alt='tboley' src='https:\/\/secure.gravatar.com\/avatar\/e9c2471e1f88e4f2dd6549f1c1854338631100d4269b1d2fbc9c832914e47fd8?s=128&#038;d=mm&#038;r=g' srcset='https:\/\/secure.gravatar.com\/avatar\/e9c2471e1f88e4f2dd6549f1c1854338631100d4269b1d2fbc9c832914e47fd8?s=256&#038;d=mm&#038;r=g 2x' class='avatar avatar-128 photo' height='128' width='128' \/>\t\t<\/div>\n\t\t\t\t<div class=\"elementor-post__text\">\n\t\t\t\t<h3 class=\"elementor-post__title\">\n\t\t\t<a href=\"https:\/\/stage.incodigital.de\/emsfuerzuhause\/2021\/09\/10\/muskelaufbau-mit-gewichten\/\" >\n\t\t\t\tMuskelaufbau mit Gewichten\t\t\t<\/a>\n\t\t<\/h3>\n\t\t\t\t<div class=\"elementor-post__excerpt\">\n\t\t\t<p>Lorem ipsum dolor sit amet, consetetur sadipscing elitr, sed diam nonumy eirmod tempor invidunt ut labore et dolore magna aliquyam erat, sed diam voluptua. At<\/p>\n\t\t<\/div>\n\t\t\n\t\t<a class=\"elementor-post__read-more\" href=\"https:\/\/stage.incodigital.de\/emsfuerzuhause\/2021\/09\/10\/muskelaufbau-mit-gewichten\/\" aria-label=\"Read more about Muskelaufbau mit Gewichten\" tabindex=\"-1\" >\n\t\t\tWeiterlesen \u00bb\t\t<\/a>\n\n\t\t\t\t<\/div>\n\t\t\t\t<div class=\"elementor-post__meta-data\">\n\t\t\t\t\t<span class=\"elementor-post-date\">\n\t\t\t10. September 2021\t\t<\/span>\n\t\t\t\t<span class=\"elementor-post-avatar\">\n\t\t\tKeine Kommentare\t\t<\/span>\n\t\t\t\t<\/div>\n\t\t\t\t\t<\/div>\n\t\t<\/article>\n\t\t\t\t<\/div>\n\t\t\n\t\t\t\t\t\t<\/div>\n\t\t\t\t<\/div>\n\t\t\t\t\t<\/div>\n\t\t<\/div>\n\t\t\t\t\t<\/div>\n\t\t<\/section>\n\t\t\t\t<\/div>\n\t\t","protected":false},"excerpt":{"rendered":"","protected":false},"author":1,"featured_media":0,"parent":0,"menu_order":0,"comment_status":"closed","ping_status":"closed","template":"","meta":{"inline_featured_image":false,"footnotes":""},"class_list":["post-6","page","type-page","status-publish","hentry"],"yoast_head":"<!-- This site is optimized with the Yoast SEO plugin v25.4 - https:\/\/yoast.com\/wordpress\/plugins\/seo\/ -->\n<title>Startseite - EMS f\u00fcr Zuhause<\/title>\n<meta name=\"robots\" content=\"index, follow, max-snippet:-1, max-image-preview:large, max-video-preview:-1\" \/>\n<link rel=\"canonical\" href=\"https:\/\/stage.incodigital.de\/emsfuerzuhause\/startseite\/\" \/>\n<meta property=\"og:locale\" content=\"de_DE\" \/>\n<meta property=\"og:type\" content=\"article\" \/>\n<meta property=\"og:title\" content=\"Startseite - EMS f\u00fcr Zuhause\" \/>\n<meta property=\"og:url\" content=\"https:\/\/stage.incodigital.de\/emsfuerzuhause\/startseite\/\" \/>\n<meta property=\"og:site_name\" content=\"EMS f\u00fcr Zuhause\" \/>\n<meta property=\"article:modified_time\" content=\"2021-09-08T12:03:53+00:00\" \/>\n<meta name=\"twitter:card\" content=\"summary_large_image\" \/>\n<meta name=\"twitter:label1\" content=\"Gesch\u00e4tzte Lesezeit\" \/>\n\t<meta name=\"twitter:data1\" content=\"1\u00a0Minute\" \/>\n<script type=\"application\/ld+json\" class=\"yoast-schema-graph\">{\"@context\":\"https:\/\/schema.org\",\"@graph\":[{\"@type\":\"WebPage\",\"@id\":\"https:\/\/stage.incodigital.de\/emsfuerzuhause\/startseite\/\",\"url\":\"https:\/\/stage.incodigital.de\/emsfuerzuhause\/startseite\/\",\"name\":\"Startseite - EMS f\u00fcr Zuhause\",\"isPartOf\":{\"@id\":\"https:\/\/stage.incodigital.de\/emsfuerzuhause\/#website\"},\"datePublished\":\"2021-07-23T12:58:37+00:00\",\"dateModified\":\"2021-09-08T12:03:53+00:00\",\"breadcrumb\":{\"@id\":\"https:\/\/stage.incodigital.de\/emsfuerzuhause\/startseite\/#breadcrumb\"},\"inLanguage\":\"de\",\"potentialAction\":[{\"@type\":\"ReadAction\",\"target\":[\"https:\/\/stage.incodigital.de\/emsfuerzuhause\/startseite\/\"]}]},{\"@type\":\"BreadcrumbList\",\"@id\":\"https:\/\/stage.incodigital.de\/emsfuerzuhause\/startseite\/#breadcrumb\",\"itemListElement\":[{\"@type\":\"ListItem\",\"position\":1,\"name\":\"Startseite\",\"item\":\"https:\/\/stage.incodigital.de\/emsfuerzuhause\/\"},{\"@type\":\"ListItem\",\"position\":2,\"name\":\"Startseite\"}]},{\"@type\":\"WebSite\",\"@id\":\"https:\/\/stage.incodigital.de\/emsfuerzuhause\/#website\",\"url\":\"https:\/\/stage.incodigital.de\/emsfuerzuhause\/\",\"name\":\"EMS f\u00fcr Zuhause\",\"description\":\"mehr Erfolg f\u00fcr deinen K\u00f6rper\",\"publisher\":{\"@id\":\"https:\/\/stage.incodigital.de\/emsfuerzuhause\/#organization\"},\"potentialAction\":[{\"@type\":\"SearchAction\",\"target\":{\"@type\":\"EntryPoint\",\"urlTemplate\":\"https:\/\/stage.incodigital.de\/emsfuerzuhause\/?s={search_term_string}\"},\"query-input\":{\"@type\":\"PropertyValueSpecification\",\"valueRequired\":true,\"valueName\":\"search_term_string\"}}],\"inLanguage\":\"de\"},{\"@type\":\"Organization\",\"@id\":\"https:\/\/stage.incodigital.de\/emsfuerzuhause\/#organization\",\"name\":\"EMS f\u00fcr Zuhause\",\"url\":\"https:\/\/stage.incodigital.de\/emsfuerzuhause\/\",\"logo\":{\"@type\":\"ImageObject\",\"inLanguage\":\"de\",\"@id\":\"https:\/\/stage.incodigital.de\/emsfuerzuhause\/#\/schema\/logo\/image\/\",\"url\":\"https:\/\/stage.incodigital.de\/emsfuerzuhause\/wp-content\/uploads\/sites\/10\/2021\/09\/Visionbody-Logo.svg\",\"contentUrl\":\"https:\/\/stage.incodigital.de\/emsfuerzuhause\/wp-content\/uploads\/sites\/10\/2021\/09\/Visionbody-Logo.svg\",\"width\":100,\"height\":100,\"caption\":\"EMS f\u00fcr Zuhause\"},\"image\":{\"@id\":\"https:\/\/stage.incodigital.de\/emsfuerzuhause\/#\/schema\/logo\/image\/\"}}]}<\/script>\n<!-- \/ Yoast SEO plugin. -->","yoast_head_json":{"title":"Startseite - EMS f\u00fcr Zuhause","robots":{"index":"index","follow":"follow","max-snippet":"max-snippet:-1","max-image-preview":"max-image-preview:large","max-video-preview":"max-video-preview:-1"},"canonical":"https:\/\/stage.incodigital.de\/emsfuerzuhause\/startseite\/","og_locale":"de_DE","og_type":"article","og_title":"Startseite - EMS f\u00fcr Zuhause","og_url":"https:\/\/stage.incodigital.de\/emsfuerzuhause\/startseite\/","og_site_name":"EMS f\u00fcr Zuhause","article_modified_time":"2021-09-08T12:03:53+00:00","twitter_card":"summary_large_image","twitter_misc":{"Gesch\u00e4tzte Lesezeit":"1\u00a0Minute"},"schema":{"@context":"https:\/\/schema.org","@graph":[{"@type":"WebPage","@id":"https:\/\/stage.incodigital.de\/emsfuerzuhause\/startseite\/","url":"https:\/\/stage.incodigital.de\/emsfuerzuhause\/startseite\/","name":"Startseite - EMS f\u00fcr Zuhause","isPartOf":{"@id":"https:\/\/stage.incodigital.de\/emsfuerzuhause\/#website"},"datePublished":"2021-07-23T12:58:37+00:00","dateModified":"2021-09-08T12:03:53+00:00","breadcrumb":{"@id":"https:\/\/stage.incodigital.de\/emsfuerzuhause\/startseite\/#breadcrumb"},"inLanguage":"de","potentialAction":[{"@type":"ReadAction","target":["https:\/\/stage.incodigital.de\/emsfuerzuhause\/startseite\/"]}]},{"@type":"BreadcrumbList","@id":"https:\/\/stage.incodigital.de\/emsfuerzuhause\/startseite\/#breadcrumb","itemListElement":[{"@type":"ListItem","position":1,"name":"Startseite","item":"https:\/\/stage.incodigital.de\/emsfuerzuhause\/"},{"@type":"ListItem","position":2,"name":"Startseite"}]},{"@type":"WebSite","@id":"https:\/\/stage.incodigital.de\/emsfuerzuhause\/#website","url":"https:\/\/stage.incodigital.de\/emsfuerzuhause\/","name":"EMS f\u00fcr Zuhause","description":"mehr Erfolg f\u00fcr deinen K\u00f6rper","publisher":{"@id":"https:\/\/stage.incodigital.de\/emsfuerzuhause\/#organization"},"potentialAction":[{"@type":"SearchAction","target":{"@type":"EntryPoint","urlTemplate":"https:\/\/stage.incodigital.de\/emsfuerzuhause\/?s={search_term_string}"},"query-input":{"@type":"PropertyValueSpecification","valueRequired":true,"valueName":"search_term_string"}}],"inLanguage":"de"},{"@type":"Organization","@id":"https:\/\/stage.incodigital.de\/emsfuerzuhause\/#organization","name":"EMS f\u00fcr Zuhause","url":"https:\/\/stage.incodigital.de\/emsfuerzuhause\/","logo":{"@type":"ImageObject","inLanguage":"de","@id":"https:\/\/stage.incodigital.de\/emsfuerzuhause\/#\/schema\/logo\/image\/","url":"https:\/\/stage.incodigital.de\/emsfuerzuhause\/wp-content\/uploads\/sites\/10\/2021\/09\/Visionbody-Logo.svg","contentUrl":"https:\/\/stage.incodigital.de\/emsfuerzuhause\/wp-content\/uploads\/sites\/10\/2021\/09\/Visionbody-Logo.svg","width":100,"height":100,"caption":"EMS f\u00fcr Zuhause"},"image":{"@id":"https:\/\/stage.incodigital.de\/emsfuerzuhause\/#\/schema\/logo\/image\/"}}]}},"_links":{"self":[{"href":"https:\/\/stage.incodigital.de\/emsfuerzuhause\/wp-json\/wp\/v2\/pages\/6","targetHints":{"allow":["GET"]}}],"collection":[{"href":"https:\/\/stage.incodigital.de\/emsfuerzuhause\/wp-json\/wp\/v2\/pages"}],"about":[{"href":"https:\/\/stage.incodigital.de\/emsfuerzuhause\/wp-json\/wp\/v2\/types\/page"}],"author":[{"embeddable":true,"href":"https:\/\/stage.incodigital.de\/emsfuerzuhause\/wp-json\/wp\/v2\/users\/1"}],"replies":[{"embeddable":true,"href":"https:\/\/stage.incodigital.de\/emsfuerzuhause\/wp-json\/wp\/v2\/comments?post=6"}],"version-history":[{"count":10,"href":"https:\/\/stage.incodigital.de\/emsfuerzuhause\/wp-json\/wp\/v2\/pages\/6\/revisions"}],"predecessor-version":[{"id":35,"href":"https:\/\/stage.incodigital.de\/emsfuerzuhause\/wp-json\/wp\/v2\/pages\/6\/revisions\/35"}],"wp:attachment":[{"href":"https:\/\/stage.incodigital.de\/emsfuerzuhause\/wp-json\/wp\/v2\/media?parent=6"}],"curies":[{"name":"wp","href":"https:\/\/api.w.org\/{rel}","templated":true}]}}